{"id":15,"date":"2021-06-06T19:39:54","date_gmt":"2021-06-06T17:39:54","guid":{"rendered":"https:\/\/leopold-kultur.at\/page\/?page_id=15"},"modified":"2026-03-07T10:27:38","modified_gmt":"2026-03-07T09:27:38","slug":"home","status":"publish","type":"page","link":"https:\/\/leopold-kultur.at\/page\/","title":{"rendered":"Home"},"content":{"rendered":"\n<div class=\"wp-block-cover alignfull\" style=\"min-height:700px;aspect-ratio:unset;\"><img fetchpriority=\"high\" decoding=\"async\" width=\"1701\" height=\"504\" class=\"wp-block-cover__image-background wp-image-88\" alt=\"\" src=\"https:\/\/leopold-kultur.at\/page\/wp-content\/uploads\/2021\/06\/Riesenrad.png\" style=\"object-position:33% 42%\" data-object-fit=\"cover\" data-object-position=\"33% 42%\" srcset=\"https:\/\/leopold-kultur.at\/page\/wp-content\/uploads\/2021\/06\/Riesenrad.png 1701w, https:\/\/leopold-kultur.at\/page\/wp-content\/uploads\/2021\/06\/Riesenrad-300x89.png 300w, https:\/\/leopold-kultur.at\/page\/wp-content\/uploads\/2021\/06\/Riesenrad-1024x303.png 1024w, https:\/\/leopold-kultur.at\/page\/wp-content\/uploads\/2021\/06\/Riesenrad-768x228.png 768w, https:\/\/leopold-kultur.at\/page\/wp-content\/uploads\/2021\/06\/Riesenrad-1536x455.png 1536w\" sizes=\"(max-width: 1701px) 100vw, 1701px\" \/><span aria-hidden=\"true\" class=\"wp-block-cover__background has-background-dim-40 has-background-dim\" style=\"background-color:#f2f2f2\"><\/span><div class=\"wp-block-cover__inner-container is-layout-flow wp-block-cover-is-layout-flow\">\n<div style=\"height:80px\" aria-hidden=\"true\" class=\"wp-block-spacer\"><\/div>\n\n\n\n<h1 class=\"wp-block-heading has-text-align-center has-text-color\" style=\"color:#121212\">Leopoldst\u00e4dter Bildungszentrum<\/h1>\n\n\n\n<p class=\"has-text-align-center has-text-color\" style=\"color:#121212;font-size:17px\">Ein Verein f\u00fcr die Leopoldstadt. Bildung &#8211; Kunst &#8211; Kultur<br><br><strong>Wir freuen uns auf ein Wiedersehen im Jahr 2026!<\/strong><br><strong>N\u00e4chstes Event: <a href=\"https:\/\/leopold-kultur.at\/page\/konzert-des-richard-wagner-konservatoriums-2026\/\" data-type=\"post\" data-id=\"790\">Konzert des Richard Wagner-Konservatoriums<\/a> <\/strong>4. Mai 2026<br>Vorschau, weitere Infos, Nachh\u00f6ren von zuletzt: siehe Men\u00fceintr\u00e4ge (oben)<\/p>\n\n\n\n<div class=\"wp-block-buttons is-horizontal is-content-justification-center is-layout-flex wp-container-core-buttons-is-layout-499968f5 wp-block-buttons-is-layout-flex\">\n<div class=\"wp-block-button is-style-primary\"><a class=\"wp-block-button__link wp-element-button\" href=\"https:\/\/leopold-kultur.at\/page\/vorschau-2026\/\">Vorschau 2026<\/a><\/div>\n\n\n\n<div class=\"wp-block-button is-style-secondary\"><a class=\"wp-block-button__link wp-element-button\" href=\"https:\/\/leopold-kultur.at\/page\/aktuelles\/\">Aktuelles<\/a><\/div>\n<\/div>\n\n\n\n<div style=\"height:80px\" aria-hidden=\"true\" class=\"wp-block-spacer\"><\/div>\n\n\n\n<div style=\"height:80px\" aria-hidden=\"true\" class=\"wp-block-spacer\"><\/div>\n<\/div><\/div>\n\n\n\n<div class=\"wp-block-cover alignfull\" style=\"min-height:600px;aspect-ratio:unset;\"><span aria-hidden=\"true\" class=\"wp-block-cover__background has-nv-light-bg-background-color has-background-dim-100 has-background-dim\"><\/span><div class=\"wp-block-cover__inner-container is-layout-flow wp-block-cover-is-layout-flow\">\n<div class=\"wp-block-group\"><div class=\"wp-block-group__inner-container is-layout-flow wp-block-group-is-layout-flow\">\n<div style=\"height:80px\" aria-hidden=\"true\" class=\"wp-block-spacer\"><\/div>\n\n\n\n<div class=\"wp-block-columns are-vertically-aligned-center is-layout-flex wp-container-core-columns-is-layout-9d6595d7 wp-block-columns-is-layout-flex\">\n<div class=\"wp-block-column is-vertically-aligned-center is-layout-flow wp-block-column-is-layout-flow\" style=\"flex-basis:50%\">\n<figure class=\"wp-block-image size-large\"><img decoding=\"async\" width=\"1024\" height=\"755\" src=\"https:\/\/leopold-kultur.at\/page\/wp-content\/uploads\/2021\/06\/karte-1024x755.jpg\" alt=\"\" class=\"wp-image-85\" srcset=\"https:\/\/leopold-kultur.at\/page\/wp-content\/uploads\/2021\/06\/karte-1024x755.jpg 1024w, https:\/\/leopold-kultur.at\/page\/wp-content\/uploads\/2021\/06\/karte-300x221.jpg 300w, https:\/\/leopold-kultur.at\/page\/wp-content\/uploads\/2021\/06\/karte-768x566.jpg 768w, https:\/\/leopold-kultur.at\/page\/wp-content\/uploads\/2021\/06\/karte-1536x1132.jpg 1536w, https:\/\/leopold-kultur.at\/page\/wp-content\/uploads\/2021\/06\/karte.jpg 1973w\" sizes=\"(max-width: 1024px) 100vw, 1024px\" \/><\/figure>\n<\/div>\n\n\n\n<div class=\"wp-block-column is-vertically-aligned-center is-layout-flow wp-block-column-is-layout-flow\" style=\"flex-basis:50%\">\n<h2 class=\"wp-block-heading has-text-align-left has-neve-text-color-color has-text-color\">Bildung und Bewegung<\/h2>\n\n\n\n<p class=\"has-text-align-left has-neve-text-color-color has-text-color\" style=\"font-size:17px\">Die st\u00e4ndige Weiterbildung der Menschen in unserer Umgebung ist uns ein besonderes Anliegen. Als einer der gr\u00f6\u00dften Bezirke Wiens l\u00e4dt die Leopoldstadt auch zur Erkundung unserer Umwelt ein. Wir versuchen durch unsere Weiterbildung alle Sinne anzusprechen und verschreiben uns einem humanistischen Bildungsideal &#8211; mit Herz und Hirn.<\/p>\n<\/div>\n<\/div>\n\n\n\n<div style=\"height:40px\" aria-hidden=\"true\" class=\"wp-block-spacer\"><\/div>\n\n\n\n<p><\/p>\n<\/div><\/div>\n<\/div><\/div>\n\n\n\n<div class=\"wp-block-cover alignfull\" style=\"min-height:600px;aspect-ratio:unset;\"><span aria-hidden=\"true\" class=\"wp-block-cover__background has-nv-site-bg-background-color has-background-dim-100 has-background-dim\"><\/span><div class=\"wp-block-cover__inner-container is-layout-flow wp-block-cover-is-layout-flow\">\n<div class=\"wp-block-group\"><div class=\"wp-block-group__inner-container is-layout-flow wp-block-group-is-layout-flow\">\n<div style=\"height:80px\" aria-hidden=\"true\" class=\"wp-block-spacer\"><\/div>\n\n\n\n<div class=\"wp-block-columns are-vertically-aligned-center is-layout-flex wp-container-core-columns-is-layout-9d6595d7 wp-block-columns-is-layout-flex\">\n<div class=\"wp-block-column is-vertically-aligned-center is-layout-flow wp-block-column-is-layout-flow\" style=\"flex-basis:50%\">\n<h2 class=\"wp-block-heading has-text-align-left has-neve-text-color-color has-text-color\">Kunst und Kultur<\/h2>\n\n\n\n<p class=\"has-text-align-left has-neve-text-color-color has-text-color\" style=\"font-size:17px\">Literatur, Musik, Architektur und bildende Kunst sind f\u00fcr uns ganz wichtige Bereiche des gesellschaftlichen Lebens. Sowohl die Begegnung als auch die aktive Auseinandersetzung mit Kunst sollte vielen Menschen in ihrem engeren Wohnbereich (in diesem Fall dem 2. Bezirk) m\u00f6glich gemacht werden.<\/p>\n\n\n\n<div style=\"height:40px\" aria-hidden=\"true\" class=\"wp-block-spacer\"><\/div>\n<\/div>\n\n\n\n<div class=\"wp-block-column is-vertically-aligned-center is-layout-flow wp-block-column-is-layout-flow\" style=\"flex-basis:50%\">\n<figure class=\"wp-block-image size-large\"><img decoding=\"async\" width=\"800\" height=\"679\" src=\"https:\/\/leopold-kultur.at\/page\/wp-content\/uploads\/2021\/06\/instrumente.jpg\" alt=\"\" class=\"wp-image-95\" srcset=\"https:\/\/leopold-kultur.at\/page\/wp-content\/uploads\/2021\/06\/instrumente.jpg 800w, https:\/\/leopold-kultur.at\/page\/wp-content\/uploads\/2021\/06\/instrumente-300x255.jpg 300w, https:\/\/leopold-kultur.at\/page\/wp-content\/uploads\/2021\/06\/instrumente-768x652.jpg 768w\" sizes=\"(max-width: 800px) 100vw, 800px\" \/><\/figure>\n<\/div>\n<\/div>\n\n\n\n<div style=\"height:40px\" aria-hidden=\"true\" class=\"wp-block-spacer\"><\/div>\n<\/div><\/div>\n<\/div><\/div>\n\n\n\n<div class=\"wp-block-cover alignfull\" style=\"min-height:300px;aspect-ratio:unset;\"><span aria-hidden=\"true\" class=\"wp-block-cover__background has-nv-dark-bg-background-color has-background-dim-100 has-background-dim\"><\/span><div class=\"wp-block-cover__inner-container is-layout-flow wp-block-cover-is-layout-flow\">\n<div style=\"height:140px\" aria-hidden=\"true\" class=\"wp-block-spacer\"><\/div>\n\n\n\n<h2 class=\"wp-block-heading has-text-align-center has-nv-text-dark-bg-color has-text-color\">Spenden und F\u00f6rderungen<\/h2>\n\n\n\n<p class=\"has-text-align-center has-medium-font-size\">Unser Verein lebt durch die vielen freiwilligen Leistungen unserer Mitglieder und Spenden der Bildungs- und Kulturinteressierten. Sie wollen uns eine Spende zukommen lassen?<\/p>\n\n\n\n<p class=\"has-text-align-center has-medium-font-size\"><strong>An:<\/strong> Leopoldst\u00e4dter Bildungszentrum<br><strong>IBAN:<\/strong> AT75 1400 0100 1020 8500<br><strong>Verwendungszweck<\/strong>: Spende<br><br>Au\u00dferdem werden wir durch die Basiskultur Wien gef\u00f6rdert:<\/p>\n\n\n<div class=\"wp-block-image\">\n<figure class=\"aligncenter size-large is-resized\"><img loading=\"lazy\" decoding=\"async\" width=\"1024\" height=\"1024\" src=\"https:\/\/leopold-kultur.at\/page\/wp-content\/uploads\/2021\/06\/Basis-Kultur-Wien_Logo_Referatsabteilungslogo_Kultur-Vor-Ort_3C-1024x1024.png\" alt=\"\" class=\"wp-image-99\" style=\"object-fit:cover;width:150px;height:150px\" srcset=\"https:\/\/leopold-kultur.at\/page\/wp-content\/uploads\/2021\/06\/Basis-Kultur-Wien_Logo_Referatsabteilungslogo_Kultur-Vor-Ort_3C-1024x1024.png 1024w, https:\/\/leopold-kultur.at\/page\/wp-content\/uploads\/2021\/06\/Basis-Kultur-Wien_Logo_Referatsabteilungslogo_Kultur-Vor-Ort_3C-300x300.png 300w, https:\/\/leopold-kultur.at\/page\/wp-content\/uploads\/2021\/06\/Basis-Kultur-Wien_Logo_Referatsabteilungslogo_Kultur-Vor-Ort_3C-150x150.png 150w, https:\/\/leopold-kultur.at\/page\/wp-content\/uploads\/2021\/06\/Basis-Kultur-Wien_Logo_Referatsabteilungslogo_Kultur-Vor-Ort_3C-768x767.png 768w, https:\/\/leopold-kultur.at\/page\/wp-content\/uploads\/2021\/06\/Basis-Kultur-Wien_Logo_Referatsabteilungslogo_Kultur-Vor-Ort_3C.png 1183w\" sizes=\"(max-width: 1024px) 100vw, 1024px\" \/><\/figure>\n<\/div>\n\n\n<div style=\"height:30px\" aria-hidden=\"true\" class=\"wp-block-spacer\"><\/div>\n\n\n\n<div class=\"wp-block-buttons is-horizontal is-content-justification-center is-layout-flex wp-container-core-buttons-is-layout-499968f5 wp-block-buttons-is-layout-flex\">\n<div class=\"wp-block-button is-style-primary\"><a class=\"wp-block-button__link wp-element-button\" href=\"https:\/\/basiskultur.at\/\" target=\"_blank\" rel=\"noreferrer noopener\">Zur Basiskultur Wien<\/a><\/div>\n<\/div>\n\n\n\n<div style=\"height:140px\" aria-hidden=\"true\" class=\"wp-block-spacer\"><\/div>\n<\/div><\/div>\n","protected":false},"excerpt":{"rendered":"","protected":false},"author":1,"featured_media":0,"parent":0,"menu_order":0,"comment_status":"closed","ping_status":"closed","template":"","meta":{"neve_meta_sidebar":"","neve_meta_container":"","neve_meta_enable_content_width":"on","neve_meta_content_width":100,"neve_meta_title_alignment":"","neve_meta_author_avatar":"","neve_post_elements_order":"","neve_meta_disable_header":"","neve_meta_disable_footer":"","neve_meta_disable_title":"on","footnotes":""},"class_list":["post-15","page","type-page","status-publish","hentry"],"_links":{"self":[{"href":"https:\/\/leopold-kultur.at\/page\/wp-json\/wp\/v2\/pages\/15","targetHints":{"allow":["GET"]}}],"collection":[{"href":"https:\/\/leopold-kultur.at\/page\/wp-json\/wp\/v2\/pages"}],"about":[{"href":"https:\/\/leopold-kultur.at\/page\/wp-json\/wp\/v2\/types\/page"}],"author":[{"embeddable":true,"href":"https:\/\/leopold-kultur.at\/page\/wp-json\/wp\/v2\/users\/1"}],"replies":[{"embeddable":true,"href":"https:\/\/leopold-kultur.at\/page\/wp-json\/wp\/v2\/comments?post=15"}],"version-history":[{"count":40,"href":"https:\/\/leopold-kultur.at\/page\/wp-json\/wp\/v2\/pages\/15\/revisions"}],"predecessor-version":[{"id":835,"href":"https:\/\/leopold-kultur.at\/page\/wp-json\/wp\/v2\/pages\/15\/revisions\/835"}],"wp:attachment":[{"href":"https:\/\/leopold-kultur.at\/page\/wp-json\/wp\/v2\/media?parent=15"}],"curies":[{"name":"wp","href":"https:\/\/api.w.org\/{rel}","templated":true}]}}