{"id":282,"date":"2022-12-29T23:15:00","date_gmt":"2022-12-29T22:15:00","guid":{"rendered":"https:\/\/leopold-kultur.at\/page\/?page_id=282"},"modified":"2023-11-11T16:52:39","modified_gmt":"2023-11-11T15:52:39","slug":"digitalprojekte-schaetze-der-leopoldstadt","status":"publish","type":"page","link":"https:\/\/leopold-kultur.at\/page\/digitalprojekte-schaetze-der-leopoldstadt\/","title":{"rendered":"Digitalprojekte &#8222;Sch\u00e4tze der Leopoldstadt&#8220;"},"content":{"rendered":"\n<p>Die  Leopoldstadt ist nicht nur der 2. Bezirk Wiens, sondern auch ein Ort der Kultur. Viele K\u00fcnstler haben in der Leopoldstadt gelebt und gewirkt, viele Bauwerke k\u00f6nnen interessante Geschichten erz\u00e4hlen, viele \u00f6ffentlich zug\u00e4ngliche Objekte verk\u00f6rpern musikalische Kostbarkeiten. Diesen wollen wir in Form von Digitalprojekten &#8222;Sch\u00e4tze der Leopoldstadt&#8220; w\u00fcrdigen und bekannt machen. Daher sollen hier in unregelm\u00e4\u00dfiger Abfolge Fachbeitr\u00e4ge zu diesen Themen erscheinen.<\/p>\n\n\n\n<p>Sowohl die evangelische Kirche AB Am Tabor als auch die katholische Kirche Am Tabor weisen eine interessante Orgel auf, bespielt und mit H\u00f6rproben erg\u00e4nzt (Organist: MMag. Stefan Donner).<\/p>\n\n\n\n<p>Orte: Augarten, Muth, Prater<\/p>\n\n\n\n<p>Bekannte K\u00fcnstler: Johann Strau\u00df, Johann Nestroy, Arthur Schnitzler<\/p>\n\n\n\n<p><\/p>\n","protected":false},"excerpt":{"rendered":"<p>Die Leopoldstadt ist nicht nur der 2. Bezirk Wiens, sondern auch ein Ort der Kultur. Viele K\u00fcnstler haben in der Leopoldstadt gelebt und gewirkt, viele Bauwerke k\u00f6nnen interessante Geschichten erz\u00e4hlen, viele \u00f6ffentlich zug\u00e4ngliche Objekte verk\u00f6rpern musikalische Kostbarkeiten. Diesen wollen wir in Form von Digitalprojekten &#8222;Sch\u00e4tze der Leopoldstadt&#8220; w\u00fcrdigen und bekannt machen. Daher sollen hier in&hellip;&nbsp;<a href=\"https:\/\/leopold-kultur.at\/page\/digitalprojekte-schaetze-der-leopoldstadt\/\" rel=\"bookmark\">Weiterlesen &raquo;<span class=\"screen-reader-text\">Digitalprojekte &#8222;Sch\u00e4tze der Leopoldstadt&#8220;<\/span><\/a><\/p>\n","protected":false},"author":1,"featured_media":0,"parent":0,"menu_order":0,"comment_status":"closed","ping_status":"closed","template":"","meta":{"neve_meta_sidebar":"full-width","neve_meta_container":"","neve_meta_enable_content_width":"on","neve_meta_content_width":100,"neve_meta_title_alignment":"","neve_meta_author_avatar":"","neve_post_elements_order":"","neve_meta_disable_header":"","neve_meta_disable_footer":"","neve_meta_disable_title":"","footnotes":""},"class_list":["post-282","page","type-page","status-publish","hentry"],"_links":{"self":[{"href":"https:\/\/leopold-kultur.at\/page\/wp-json\/wp\/v2\/pages\/282","targetHints":{"allow":["GET"]}}],"collection":[{"href":"https:\/\/leopold-kultur.at\/page\/wp-json\/wp\/v2\/pages"}],"about":[{"href":"https:\/\/leopold-kultur.at\/page\/wp-json\/wp\/v2\/types\/page"}],"author":[{"embeddable":true,"href":"https:\/\/leopold-kultur.at\/page\/wp-json\/wp\/v2\/users\/1"}],"replies":[{"embeddable":true,"href":"https:\/\/leopold-kultur.at\/page\/wp-json\/wp\/v2\/comments?post=282"}],"version-history":[{"count":3,"href":"https:\/\/leopold-kultur.at\/page\/wp-json\/wp\/v2\/pages\/282\/revisions"}],"predecessor-version":[{"id":286,"href":"https:\/\/leopold-kultur.at\/page\/wp-json\/wp\/v2\/pages\/282\/revisions\/286"}],"wp:attachment":[{"href":"https:\/\/leopold-kultur.at\/page\/wp-json\/wp\/v2\/media?parent=282"}],"curies":[{"name":"wp","href":"https:\/\/api.w.org\/{rel}","templated":true}]}}