{"id":491,"date":"2023-11-10T17:45:49","date_gmt":"2023-11-10T16:45:49","guid":{"rendered":"https:\/\/leopold-kultur.at\/page\/?page_id=491"},"modified":"2023-11-10T17:45:49","modified_gmt":"2023-11-10T16:45:49","slug":"ensemblekonzert-wintertraeume-duo-laetus","status":"publish","type":"page","link":"https:\/\/leopold-kultur.at\/page\/ensemblekonzert-wintertraeume-duo-laetus\/","title":{"rendered":"Ensemblekonzert Wintertr\u00e4ume (Duo Laetus)"},"content":{"rendered":"\n<p><strong>Ensemblekonzert Wintertr\u00e4ume mit dem Duo Laetus \u2013 Gitarre &amp; Hackbrett<\/strong><\/p>\n\n\n\n<figure class=\"wp-block-image size-full\"><img fetchpriority=\"high\" decoding=\"async\" width=\"383\" height=\"344\" src=\"https:\/\/leopold-kultur.at\/page\/wp-content\/uploads\/2023\/11\/DuoLaetus_Flyer.jpg\" alt=\"\" class=\"wp-image-492\" srcset=\"https:\/\/leopold-kultur.at\/page\/wp-content\/uploads\/2023\/11\/DuoLaetus_Flyer.jpg 383w, https:\/\/leopold-kultur.at\/page\/wp-content\/uploads\/2023\/11\/DuoLaetus_Flyer-300x269.jpg 300w\" sizes=\"(max-width: 383px) 100vw, 383px\" \/><\/figure>\n\n\n\n<p><em>Ort: Gro\u00dfer Festsaal im Amtshaus Hietzing (13., Hietzinger Kai 1-3)<\/em><\/p>\n\n\n\n<p>Donnerstag, 23.November 2023, 19:00 Uhr<\/p>\n\n\n\n<p>Einlass ab 18:30 Uhr<\/p>\n\n\n\n<p>Eintritt frei \u2013 aber bitte um Voranmeldung an <a href=\"mailto:obfrau@leopold-kultur.at\">obfrau@leopold-kultur.at<\/a><br>Spenden erbeten<\/p>\n\n\n\n<p>Der Name ist Programm: Laetus \u2013 bunt, von reicher F\u00fclle, lebendig und anmutig. Die beiden Schwestern Romana und Rosemarie Pulvermacher, mit der einzigartigen Kombination aus klassischer Gitarre und Konzerthackbrett verbinden klassische Tradition mit einer einmaligen Klang\u00e4sthetik. Lebend und konzertierend in der Musikstadt Wien, machen sich die K\u00fcnstlerinnen das Ziel mit ihrer Musik Schmuckst\u00fccke und Rarit\u00e4ten der Musikgeschichte in die Gegenwart zu bringen.<\/p>\n\n\n\n<p>Werke von Mendelssohn, Mertz, Bellinati u.a.m. versprechen bei dieser einmaligen Besetzung ein einmaliges Konzerterlebnis mit raffinierten Musikalit\u00e4t, von klassischer Musik bis zu Kontrasten und Dissonanzen, die herk\u00f6mmliche Vorstellungen von Tonalit\u00e4t und Form aufbrechen.<\/p>\n\n\n\n<p><em>Instrumente werden vorgestellt und k\u00f6nnen nach dem Konzert besichtigt werden<\/em><\/p>\n\n\n\n<p>Homepage und weitere Infos: <a href=\"https:\/\/leopold-kultur.at\/\">https:\/\/leopold-kultur.at\/<\/a><\/p>\n","protected":false},"excerpt":{"rendered":"<p>Ensemblekonzert Wintertr\u00e4ume mit dem Duo Laetus \u2013 Gitarre &amp; Hackbrett Ort: Gro\u00dfer Festsaal im Amtshaus Hietzing (13., Hietzinger Kai 1-3) Donnerstag, 23.November 2023, 19:00 Uhr Einlass ab 18:30 Uhr Eintritt frei \u2013 aber bitte um Voranmeldung an obfrau@leopold-kultur.atSpenden erbeten Der Name ist Programm: Laetus \u2013 bunt, von reicher F\u00fclle, lebendig und anmutig. Die beiden Schwestern&hellip;&nbsp;<a href=\"https:\/\/leopold-kultur.at\/page\/ensemblekonzert-wintertraeume-duo-laetus\/\" rel=\"bookmark\">Weiterlesen &raquo;<span class=\"screen-reader-text\">Ensemblekonzert Wintertr\u00e4ume (Duo Laetus)<\/span><\/a><\/p>\n","protected":false},"author":1,"featured_media":0,"parent":0,"menu_order":0,"comment_status":"closed","ping_status":"closed","template":"","meta":{"neve_meta_sidebar":"","neve_meta_container":"","neve_meta_enable_content_width":"","neve_meta_content_width":0,"neve_meta_title_alignment":"","neve_meta_author_avatar":"","neve_post_elements_order":"","neve_meta_disable_header":"","neve_meta_disable_footer":"","neve_meta_disable_title":"","footnotes":""},"class_list":["post-491","page","type-page","status-publish","hentry"],"_links":{"self":[{"href":"https:\/\/leopold-kultur.at\/page\/wp-json\/wp\/v2\/pages\/491","targetHints":{"allow":["GET"]}}],"collection":[{"href":"https:\/\/leopold-kultur.at\/page\/wp-json\/wp\/v2\/pages"}],"about":[{"href":"https:\/\/leopold-kultur.at\/page\/wp-json\/wp\/v2\/types\/page"}],"author":[{"embeddable":true,"href":"https:\/\/leopold-kultur.at\/page\/wp-json\/wp\/v2\/users\/1"}],"replies":[{"embeddable":true,"href":"https:\/\/leopold-kultur.at\/page\/wp-json\/wp\/v2\/comments?post=491"}],"version-history":[{"count":1,"href":"https:\/\/leopold-kultur.at\/page\/wp-json\/wp\/v2\/pages\/491\/revisions"}],"predecessor-version":[{"id":493,"href":"https:\/\/leopold-kultur.at\/page\/wp-json\/wp\/v2\/pages\/491\/revisions\/493"}],"wp:attachment":[{"href":"https:\/\/leopold-kultur.at\/page\/wp-json\/wp\/v2\/media?parent=491"}],"curies":[{"name":"wp","href":"https:\/\/api.w.org\/{rel}","templated":true}]}}