{"id":515,"date":"2023-11-24T19:14:42","date_gmt":"2023-11-24T18:14:42","guid":{"rendered":"https:\/\/leopold-kultur.at\/page\/?page_id=515"},"modified":"2023-11-24T20:21:36","modified_gmt":"2023-11-24T19:21:36","slug":"konzert-wintertraeume-duo-laetus-23-11-2023","status":"publish","type":"page","link":"https:\/\/leopold-kultur.at\/page\/konzert-wintertraeume-duo-laetus-23-11-2023\/","title":{"rendered":"Konzert Wintertr\u00e4ume &#8211; Duo Laetus 23.11.2023"},"content":{"rendered":"\n<p>Am 23.11.2023 fand das exquisite Konzert Wintertr\u00e4ume mit dem Duo Laetus statt, bei dem die K\u00fcnstlerinnen Romana und Rosemarie Pulvermacher einem begeisterten Publikum Gitarre und Hackbrett nahe brachten. Sie verzauberten die Anwesenden mit fast schon exotisch wirkenden Kl\u00e4ngen auf dieser besonderen Instrumentenkombination.<\/p>\n\n\n\n<figure class=\"wp-block-image size-full\"><img fetchpriority=\"high\" decoding=\"async\" width=\"900\" height=\"562\" src=\"https:\/\/leopold-kultur.at\/page\/wp-content\/uploads\/2023\/11\/grafik-8.png\" alt=\"\" class=\"wp-image-525\" srcset=\"https:\/\/leopold-kultur.at\/page\/wp-content\/uploads\/2023\/11\/grafik-8.png 900w, https:\/\/leopold-kultur.at\/page\/wp-content\/uploads\/2023\/11\/grafik-8-300x187.png 300w, https:\/\/leopold-kultur.at\/page\/wp-content\/uploads\/2023\/11\/grafik-8-768x480.png 768w\" sizes=\"(max-width: 900px) 100vw, 900px\" \/><\/figure>\n\n\n\n<figure class=\"wp-block-image size-full\"><img decoding=\"async\" width=\"720\" height=\"650\" src=\"https:\/\/leopold-kultur.at\/page\/wp-content\/uploads\/2023\/11\/grafik-7.png\" alt=\"\" class=\"wp-image-518\" srcset=\"https:\/\/leopold-kultur.at\/page\/wp-content\/uploads\/2023\/11\/grafik-7.png 720w, https:\/\/leopold-kultur.at\/page\/wp-content\/uploads\/2023\/11\/grafik-7-300x271.png 300w\" sizes=\"(max-width: 720px) 100vw, 720px\" \/><\/figure>\n\n\n\n<p>Anschlie\u00dfend konnten die Instrumente kennengelernt werden, wobei besonders Rosemarie Pulvermacher einer gro\u00dfen Interessentenschar die Spielweie des Hackbretts erl\u00e4utern durfte.<\/p>\n\n\n\n<figure class=\"wp-block-image size-full\"><img decoding=\"async\" width=\"960\" height=\"255\" src=\"https:\/\/leopold-kultur.at\/page\/wp-content\/uploads\/2023\/11\/grafik-5.png\" alt=\"\" class=\"wp-image-516\" srcset=\"https:\/\/leopold-kultur.at\/page\/wp-content\/uploads\/2023\/11\/grafik-5.png 960w, https:\/\/leopold-kultur.at\/page\/wp-content\/uploads\/2023\/11\/grafik-5-300x80.png 300w, https:\/\/leopold-kultur.at\/page\/wp-content\/uploads\/2023\/11\/grafik-5-768x204.png 768w\" sizes=\"(max-width: 960px) 100vw, 960px\" \/><\/figure>\n\n\n\n<figure class=\"wp-block-image size-full\"><img loading=\"lazy\" decoding=\"async\" width=\"460\" height=\"701\" src=\"https:\/\/leopold-kultur.at\/page\/wp-content\/uploads\/2023\/11\/grafik-6.png\" alt=\"\" class=\"wp-image-517\" srcset=\"https:\/\/leopold-kultur.at\/page\/wp-content\/uploads\/2023\/11\/grafik-6.png 460w, https:\/\/leopold-kultur.at\/page\/wp-content\/uploads\/2023\/11\/grafik-6-197x300.png 197w\" sizes=\"(max-width: 460px) 100vw, 460px\" \/><\/figure>\n\n\n\n<p><span style=\"text-decoration: underline;\"><strong>H\u00f6rproben:<\/strong> Ausschnitte aus<\/span><br>* Enrices Granados: Valses Poeticos<br>* Maximo Pujol: Sonatin Caotica (II. Andante)<br>* Mario Gangi: Suite Italiana<br>* Johann Kaspar Mertz: Wasserfahrt am Traunsee<\/p>\n\n\n\n<figure class=\"wp-block-audio\"><audio controls src=\"https:\/\/leopold-kultur.at\/page\/wp-content\/uploads\/2023\/11\/DL_Granados_ValsesPoeticosHP.mp3\"><\/audio><\/figure>\n\n\n\n<figure class=\"wp-block-audio\"><audio controls src=\"https:\/\/leopold-kultur.at\/page\/wp-content\/uploads\/2023\/11\/DL_Pujol_SonatinaCaotica_IIHP.mp3\"><\/audio><\/figure>\n\n\n\n<figure class=\"wp-block-audio\"><audio controls src=\"https:\/\/leopold-kultur.at\/page\/wp-content\/uploads\/2023\/11\/DL_Gangi_SuiteItalianaHP.mp3\"><\/audio><\/figure>\n\n\n\n<figure class=\"wp-block-audio\"><audio controls src=\"https:\/\/leopold-kultur.at\/page\/wp-content\/uploads\/2023\/11\/DL_Mertz_WasserfahrtTraunseeHP.mp3\"><\/audio><\/figure>\n","protected":false},"excerpt":{"rendered":"<p>Am 23.11.2023 fand das exquisite Konzert Wintertr\u00e4ume mit dem Duo Laetus statt, bei dem die K\u00fcnstlerinnen Romana und Rosemarie Pulvermacher einem begeisterten Publikum Gitarre und Hackbrett nahe brachten. Sie verzauberten die Anwesenden mit fast schon exotisch wirkenden Kl\u00e4ngen auf dieser besonderen Instrumentenkombination. Anschlie\u00dfend konnten die Instrumente kennengelernt werden, wobei besonders Rosemarie Pulvermacher einer gro\u00dfen Interessentenschar&hellip;&nbsp;<a href=\"https:\/\/leopold-kultur.at\/page\/konzert-wintertraeume-duo-laetus-23-11-2023\/\" rel=\"bookmark\">Weiterlesen &raquo;<span class=\"screen-reader-text\">Konzert Wintertr\u00e4ume &#8211; Duo Laetus 23.11.2023<\/span><\/a><\/p>\n","protected":false},"author":1,"featured_media":0,"parent":0,"menu_order":0,"comment_status":"closed","ping_status":"closed","template":"","meta":{"neve_meta_sidebar":"","neve_meta_container":"","neve_meta_enable_content_width":"","neve_meta_content_width":0,"neve_meta_title_alignment":"","neve_meta_author_avatar":"","neve_post_elements_order":"","neve_meta_disable_header":"","neve_meta_disable_footer":"","neve_meta_disable_title":"","footnotes":""},"class_list":["post-515","page","type-page","status-publish","hentry"],"_links":{"self":[{"href":"https:\/\/leopold-kultur.at\/page\/wp-json\/wp\/v2\/pages\/515","targetHints":{"allow":["GET"]}}],"collection":[{"href":"https:\/\/leopold-kultur.at\/page\/wp-json\/wp\/v2\/pages"}],"about":[{"href":"https:\/\/leopold-kultur.at\/page\/wp-json\/wp\/v2\/types\/page"}],"author":[{"embeddable":true,"href":"https:\/\/leopold-kultur.at\/page\/wp-json\/wp\/v2\/users\/1"}],"replies":[{"embeddable":true,"href":"https:\/\/leopold-kultur.at\/page\/wp-json\/wp\/v2\/comments?post=515"}],"version-history":[{"count":2,"href":"https:\/\/leopold-kultur.at\/page\/wp-json\/wp\/v2\/pages\/515\/revisions"}],"predecessor-version":[{"id":526,"href":"https:\/\/leopold-kultur.at\/page\/wp-json\/wp\/v2\/pages\/515\/revisions\/526"}],"wp:attachment":[{"href":"https:\/\/leopold-kultur.at\/page\/wp-json\/wp\/v2\/media?parent=515"}],"curies":[{"name":"wp","href":"https:\/\/api.w.org\/{rel}","templated":true}]}}