{"id":573,"date":"2024-05-15T16:36:09","date_gmt":"2024-05-15T14:36:09","guid":{"rendered":"https:\/\/leopold-kultur.at\/page\/?page_id=573"},"modified":"2024-08-06T12:39:28","modified_gmt":"2024-08-06T10:39:28","slug":"vorschau-2024-2","status":"publish","type":"page","link":"https:\/\/leopold-kultur.at\/page\/vorschau-2024-2\/","title":{"rendered":"Vorschau 2024"},"content":{"rendered":"\n<p>Nach dem<br>* <strong>Chorkonzert<\/strong> mit dem Richard Wagner-Konservatorium Wien am 25.4.2024 und den Kreativworkshops:<br>* Sa 27.7.2024 9:30-12h: <strong>Kreativworkshop<\/strong> 1: Origami-Faltarbeiten &#8211; 13:30-16h: <strong>Kreativworkshop<\/strong> 2: Acrylmalen &#8211; Farbenfrohe Bilder schaffen<br><em>(Infos dazu: siehe die Men\u00fceintr\u00e4ge f\u00fcr 2024 &#8211; &#8230; &#8211; Review) <br><\/em>sind folgende Events momentan geplant:<\/p>\n\n\n\n<p>Do 3.10.2024 18:30h <strong>Ensemblekonzert<\/strong> Bl\u00e4ser (ausgew\u00e4hlte Duos, Trios, Quartette aus verschiedenen Jahrhunderten, mit Instrumentenerl\u00e4uterungen<\/p>\n\n\n\n<p>So 24.11.2024 16:30h <strong>Orgelkonzert<\/strong> mit Stefan Donner (Werke aus verschiedenen Jahrhunderten)<\/p>\n\n\n\n<p><em>Weitere Veranstaltungen: in Vorbereitung<\/em><\/p>\n\n\n\n<p>Wir freuen uns auf Ihr Kommen!<\/p>\n\n\n\n<p><\/p>\n\n\n\n<p><\/p>\n","protected":false},"excerpt":{"rendered":"<p>Nach dem* Chorkonzert mit dem Richard Wagner-Konservatorium Wien am 25.4.2024 und den Kreativworkshops:* Sa 27.7.2024 9:30-12h: Kreativworkshop 1: Origami-Faltarbeiten &#8211; 13:30-16h: Kreativworkshop 2: Acrylmalen &#8211; Farbenfrohe Bilder schaffen(Infos dazu: siehe die Men\u00fceintr\u00e4ge f\u00fcr 2024 &#8211; &#8230; &#8211; Review) sind folgende Events momentan geplant: Do 3.10.2024 18:30h Ensemblekonzert Bl\u00e4ser (ausgew\u00e4hlte Duos, Trios, Quartette aus verschiedenen Jahrhunderten,&hellip;&nbsp;<a href=\"https:\/\/leopold-kultur.at\/page\/vorschau-2024-2\/\" rel=\"bookmark\">Weiterlesen &raquo;<span class=\"screen-reader-text\">Vorschau 2024<\/span><\/a><\/p>\n","protected":false},"author":1,"featured_media":0,"parent":0,"menu_order":0,"comment_status":"closed","ping_status":"closed","template":"","meta":{"neve_meta_sidebar":"","neve_meta_container":"","neve_meta_enable_content_width":"","neve_meta_content_width":0,"neve_meta_title_alignment":"","neve_meta_author_avatar":"","neve_post_elements_order":"","neve_meta_disable_header":"","neve_meta_disable_footer":"","neve_meta_disable_title":"","footnotes":""},"class_list":["post-573","page","type-page","status-publish","hentry"],"_links":{"self":[{"href":"https:\/\/leopold-kultur.at\/page\/wp-json\/wp\/v2\/pages\/573","targetHints":{"allow":["GET"]}}],"collection":[{"href":"https:\/\/leopold-kultur.at\/page\/wp-json\/wp\/v2\/pages"}],"about":[{"href":"https:\/\/leopold-kultur.at\/page\/wp-json\/wp\/v2\/types\/page"}],"author":[{"embeddable":true,"href":"https:\/\/leopold-kultur.at\/page\/wp-json\/wp\/v2\/users\/1"}],"replies":[{"embeddable":true,"href":"https:\/\/leopold-kultur.at\/page\/wp-json\/wp\/v2\/comments?post=573"}],"version-history":[{"count":5,"href":"https:\/\/leopold-kultur.at\/page\/wp-json\/wp\/v2\/pages\/573\/revisions"}],"predecessor-version":[{"id":603,"href":"https:\/\/leopold-kultur.at\/page\/wp-json\/wp\/v2\/pages\/573\/revisions\/603"}],"wp:attachment":[{"href":"https:\/\/leopold-kultur.at\/page\/wp-json\/wp\/v2\/media?parent=573"}],"curies":[{"name":"wp","href":"https:\/\/api.w.org\/{rel}","templated":true}]}}