{"id":581,"date":"2024-06-07T12:58:34","date_gmt":"2024-06-07T10:58:34","guid":{"rendered":"https:\/\/leopold-kultur.at\/page\/?page_id=581"},"modified":"2024-06-07T13:11:45","modified_gmt":"2024-06-07T11:11:45","slug":"digitalprojekt-musikroboter","status":"publish","type":"page","link":"https:\/\/leopold-kultur.at\/page\/digitalprojekt-musikroboter\/","title":{"rendered":"Digitalprojekt &#8222;Musikroboter&#8220;"},"content":{"rendered":"\n<p>Das Digitalprojekt &#8222;Musikroboter&#8220; wurde von Sch\u00fclern der HTL Spengergasse mit Unterst\u00fctzung des Leopoldst\u00e4dter Bildungszentrums umgesetzt. Es wurde ein Roboter gebaut, der automatisch die T\u00f6ne erzeugt und ein Lied abspielt. Im Gegensatz zu herk\u00f6mmlichen Musikinstrumenten wird hier der Mensch nur als Zuh\u00f6rer ben\u00f6tigt.<\/p>\n\n\n\n<p>Aus technischer Sicht hat die Diplomarbeitsgruppe der HTL Spengergasse einen ESP32 mit Buzzern, Klingelrelais und Leuchtstreifen zu einem modernen Instrument verwandelt. Das &#8222;Instrument&#8220; kann auch via W-LAN gesteuert werden und unterschiedliche Musikst\u00fccke abspielen.<\/p>\n\n\n\n<figure class=\"wp-block-video\"><video height=\"1280\" style=\"aspect-ratio: 1280 \/ 1280;\" width=\"1280\" controls src=\"https:\/\/leopold-kultur.at\/page\/wp-content\/uploads\/2024\/06\/VideoDigitalprojekt.mp4\"><\/video><\/figure>\n","protected":false},"excerpt":{"rendered":"<p>Das Digitalprojekt &#8222;Musikroboter&#8220; wurde von Sch\u00fclern der HTL Spengergasse mit Unterst\u00fctzung des Leopoldst\u00e4dter Bildungszentrums umgesetzt. Es wurde ein Roboter gebaut, der automatisch die T\u00f6ne erzeugt und ein Lied abspielt. Im Gegensatz zu herk\u00f6mmlichen Musikinstrumenten wird hier der Mensch nur als Zuh\u00f6rer ben\u00f6tigt. Aus technischer Sicht hat die Diplomarbeitsgruppe der HTL Spengergasse einen ESP32 mit Buzzern,&hellip;&nbsp;<a href=\"https:\/\/leopold-kultur.at\/page\/digitalprojekt-musikroboter\/\" rel=\"bookmark\">Weiterlesen &raquo;<span class=\"screen-reader-text\">Digitalprojekt &#8222;Musikroboter&#8220;<\/span><\/a><\/p>\n","protected":false},"author":1,"featured_media":0,"parent":0,"menu_order":0,"comment_status":"closed","ping_status":"closed","template":"","meta":{"neve_meta_sidebar":"","neve_meta_container":"","neve_meta_enable_content_width":"","neve_meta_content_width":0,"neve_meta_title_alignment":"","neve_meta_author_avatar":"","neve_post_elements_order":"","neve_meta_disable_header":"","neve_meta_disable_footer":"","neve_meta_disable_title":"","footnotes":""},"class_list":["post-581","page","type-page","status-publish","hentry"],"_links":{"self":[{"href":"https:\/\/leopold-kultur.at\/page\/wp-json\/wp\/v2\/pages\/581","targetHints":{"allow":["GET"]}}],"collection":[{"href":"https:\/\/leopold-kultur.at\/page\/wp-json\/wp\/v2\/pages"}],"about":[{"href":"https:\/\/leopold-kultur.at\/page\/wp-json\/wp\/v2\/types\/page"}],"author":[{"embeddable":true,"href":"https:\/\/leopold-kultur.at\/page\/wp-json\/wp\/v2\/users\/1"}],"replies":[{"embeddable":true,"href":"https:\/\/leopold-kultur.at\/page\/wp-json\/wp\/v2\/comments?post=581"}],"version-history":[{"count":3,"href":"https:\/\/leopold-kultur.at\/page\/wp-json\/wp\/v2\/pages\/581\/revisions"}],"predecessor-version":[{"id":587,"href":"https:\/\/leopold-kultur.at\/page\/wp-json\/wp\/v2\/pages\/581\/revisions\/587"}],"wp:attachment":[{"href":"https:\/\/leopold-kultur.at\/page\/wp-json\/wp\/v2\/media?parent=581"}],"curies":[{"name":"wp","href":"https:\/\/api.w.org\/{rel}","templated":true}]}}