{"id":75,"date":"2020-06-06T22:21:00","date_gmt":"2020-06-06T20:21:00","guid":{"rendered":"https:\/\/leopold-kultur.at\/page\/?page_id=75"},"modified":"2021-06-06T22:28:51","modified_gmt":"2021-06-06T20:28:51","slug":"veranstaltungen-2020","status":"publish","type":"page","link":"https:\/\/leopold-kultur.at\/page\/veranstaltungen-2020\/","title":{"rendered":"Veranstaltungen 2020"},"content":{"rendered":"\n<p>Sehr geehrte Besucherinnen und Besucher!<\/p>\n\n\n\n<p>Aufgrund von COVID-19 \/ Corona und des Verbots von Veranstaltungen durch die Lockdowns k\u00f6nnen die Veranstaltungen <strong>KURZFRISTIG <\/strong>abgesagt werden. Bitte pr\u00fcfen Sie in regelm\u00e4\u00dfigen Abst\u00e4nden die Webseite!<\/p>\n\n\n\n<figure class=\"wp-block-table\"><table><tbody><tr><td>Monat<\/td><td>Genre<\/td><td>Inhalt\/Beschreibung<\/td><\/tr><tr><td><strong>April 2000<\/strong><br><strong style=\"color: red;\">ABGESAGT!<\/strong><\/td><td><strong>K\u00fcnstlerauff\u00fchrung<\/strong><\/td><td><strong>Fr\u00fchling in der Leopoldstadt<\/strong><br>Couplets von Raimund und Nestroy, erg\u00e4nzt<br>mit aktuellen Inhalten, anschlie\u00dfend Anleitung zum gemeinsamen Singen<\/td><\/tr><tr><td><strong>Oktober 2020<\/strong><br><strong style=\"color:red;\">ABGESAGT!<\/strong><\/td><td><strong>Musik und Diskussion<\/strong><\/td><td><strong>Herbstveranstaltung Leopold I. und seine Zeit in Architektur, Literatur und Musik<\/strong><br>Gemeinsame Suche in der Leopoldstadt<\/td><\/tr><tr><td><strong>Dezember 2020<\/strong><br><strong style=\"color:red;\">ABGESAGT!<\/strong><\/td><td><strong>Adventkonzert<\/strong><\/td><td><strong>Amateure gestalten gemeinsam Advent<\/strong><br>Gedichte, Geschichten und Lieder<\/td><\/tr><\/tbody><\/table><\/figure>\n","protected":false},"excerpt":{"rendered":"<p>Sehr geehrte Besucherinnen und Besucher! Aufgrund von COVID-19 \/ Corona und des Verbots von Veranstaltungen durch die Lockdowns k\u00f6nnen die Veranstaltungen KURZFRISTIG abgesagt werden. Bitte pr\u00fcfen Sie in regelm\u00e4\u00dfigen Abst\u00e4nden die Webseite! Monat Genre Inhalt\/Beschreibung April 2000ABGESAGT! K\u00fcnstlerauff\u00fchrung Fr\u00fchling in der LeopoldstadtCouplets von Raimund und Nestroy, erg\u00e4nztmit aktuellen Inhalten, anschlie\u00dfend Anleitung zum gemeinsamen Singen Oktober&hellip;&nbsp;<a href=\"https:\/\/leopold-kultur.at\/page\/veranstaltungen-2020\/\" rel=\"bookmark\">Weiterlesen &raquo;<span class=\"screen-reader-text\">Veranstaltungen 2020<\/span><\/a><\/p>\n","protected":false},"author":1,"featured_media":0,"parent":0,"menu_order":0,"comment_status":"closed","ping_status":"closed","template":"","meta":{"neve_meta_sidebar":"full-width","neve_meta_container":"","neve_meta_enable_content_width":"on","neve_meta_content_width":100,"neve_meta_title_alignment":"","neve_meta_author_avatar":"","neve_post_elements_order":"","neve_meta_disable_header":"","neve_meta_disable_footer":"","neve_meta_disable_title":"","footnotes":""},"class_list":["post-75","page","type-page","status-publish","hentry"],"_links":{"self":[{"href":"https:\/\/leopold-kultur.at\/page\/wp-json\/wp\/v2\/pages\/75","targetHints":{"allow":["GET"]}}],"collection":[{"href":"https:\/\/leopold-kultur.at\/page\/wp-json\/wp\/v2\/pages"}],"about":[{"href":"https:\/\/leopold-kultur.at\/page\/wp-json\/wp\/v2\/types\/page"}],"author":[{"embeddable":true,"href":"https:\/\/leopold-kultur.at\/page\/wp-json\/wp\/v2\/users\/1"}],"replies":[{"embeddable":true,"href":"https:\/\/leopold-kultur.at\/page\/wp-json\/wp\/v2\/comments?post=75"}],"version-history":[{"count":1,"href":"https:\/\/leopold-kultur.at\/page\/wp-json\/wp\/v2\/pages\/75\/revisions"}],"predecessor-version":[{"id":76,"href":"https:\/\/leopold-kultur.at\/page\/wp-json\/wp\/v2\/pages\/75\/revisions\/76"}],"wp:attachment":[{"href":"https:\/\/leopold-kultur.at\/page\/wp-json\/wp\/v2\/media?parent=75"}],"curies":[{"name":"wp","href":"https:\/\/api.w.org\/{rel}","templated":true}]}}